{"id":602,"date":"2023-05-28T23:38:23","date_gmt":"2023-05-28T14:38:23","guid":{"rendered":"https:\/\/www.wuerzbule.com\/?page_id=602"},"modified":"2023-06-08T04:16:21","modified_gmt":"2023-06-07T19:16:21","slug":"unsere-felder","status":"publish","type":"page","link":"https:\/\/www.wuerzbule.com\/?page_id=602","title":{"rendered":"Unsere Felder"},"content":{"rendered":"\t\t<div data-elementor-type=\"wp-page\" data-elementor-id=\"602\" class=\"elementor elementor-602\">\n\t\t\t\t<div class=\"elementor-element elementor-element-51aefe5 e-flex e-con-boxed e-con e-parent\" data-id=\"51aefe5\" data-element_type=\"container\">\n\t\t\t\t\t<div class=\"e-con-inner\">\n\t\t\t\t<div class=\"elementor-element elementor-element-0800b82 elementor-widget elementor-widget-heading\" data-id=\"0800b82\" data-element_type=\"widget\" data-widget_type=\"heading.default\">\n\t\t\t\t<div class=\"elementor-widget-container\">\n\t\t\t\t\t<h2 class=\"elementor-heading-title elementor-size-default\">Landwirtschaft ohne D\u00fcnger und Plastik<\/h2>\t\t\t\t<\/div>\n\t\t\t\t<\/div>\n\t\t\t\t<div class=\"elementor-element elementor-element-ad75e9b elementor-widget elementor-widget-text-editor\" data-id=\"ad75e9b\" data-element_type=\"widget\" data-widget_type=\"text-editor.default\">\n\t\t\t\t<div class=\"elementor-widget-container\">\n\t\t\t\t\t\t\t\t\t<p class=\"p1\">Unser Obst und Gem\u00fcse w\u00e4chst in der Pr\u00e4fektur Wakayama auf 4 verschiedenen Feldern in der N\u00e4he der Stadt Gobo.<\/p><p class=\"p1\">Hier ernten wir je nach Jahreszeit verschiedenes Gem\u00fcse wie zum Beispiel S\u00fc\u00dfkartoffeln, Knoblauch oder Karotten, aber auch Obst wie zum Beispiel Sampoukan (japanische Mandarine).<span class=\"Apple-converted-space\">\u00a0<\/span><\/p><p class=\"p1\">Durch den 100% nat\u00fcrlichen Anbau unterscheiden sich unsere Pflanzen geschmacklich stark von herk\u00f6mmlichen Obst und Gem\u00fcse.<span class=\"Apple-converted-space\">\u00a0<\/span><\/p><p class=\"p1\">Aber probieren Sie es gern selbst aus und besuchen Sie unseren Direktverkauf!<span class=\"Apple-converted-space\">\u00a0<\/span><\/p>\t\t\t\t\t\t\t\t<\/div>\n\t\t\t\t<\/div>\n\t\t\t\t<div class=\"elementor-element elementor-element-9cdeca1 elementor-align-center elementor-widget elementor-widget-button\" data-id=\"9cdeca1\" data-element_type=\"widget\" data-widget_type=\"button.default\">\n\t\t\t\t<div class=\"elementor-widget-container\">\n\t\t\t\t\t\t\t\t\t<div class=\"elementor-button-wrapper\">\n\t\t\t\t\t<a class=\"elementor-button elementor-button-link elementor-size-sm\" href=\"https:\/\/www.wuerzbule.com\/?page_id=329\">\n\t\t\t\t\t\t<span class=\"elementor-button-content-wrapper\">\n\t\t\t\t\t\t\t\t\t<span class=\"elementor-button-text\">Direktverkauf<\/span>\n\t\t\t\t\t<\/span>\n\t\t\t\t\t<\/a>\n\t\t\t\t<\/div>\n\t\t\t\t\t\t\t\t<\/div>\n\t\t\t\t<\/div>\n\t\t\t\t<div class=\"elementor-element elementor-element-9da357a elementor-widget elementor-widget-text-editor\" data-id=\"9da357a\" data-element_type=\"widget\" data-widget_type=\"text-editor.default\">\n\t\t\t\t<div class=\"elementor-widget-container\">\n\t\t\t\t\t\t\t\t\t<p>Hier sehen Sie einige Impressionen unserer Felder, auf denen unser Gem\u00fcse w\u00e4chst und die von uns mit Liebe gepflegt werden \ud83d\ude42<\/p>\t\t\t\t\t\t\t\t<\/div>\n\t\t\t\t<\/div>\n\t\t\t\t<div class=\"elementor-element elementor-element-ccd812e elementor-widget elementor-widget-image-gallery\" data-id=\"ccd812e\" data-element_type=\"widget\" data-widget_type=\"image-gallery.default\">\n\t\t\t\t<div class=\"elementor-widget-container\">\n\t\t\t\t\t\t\t<div class=\"elementor-image-gallery\">\n\t\t\t<div id='gallery-1' class='gallery galleryid-602 gallery-columns-4 gallery-size-thumbnail'><figure class='gallery-item'>\n\t\t\t<div class='gallery-icon portrait'>\n\t\t\t\t<a data-elementor-open-lightbox=\"yes\" data-elementor-lightbox-slideshow=\"ccd812e\" data-elementor-lightbox-title=\"IMG_8760\" data-e-action-hash=\"#elementor-action%3Aaction%3Dlightbox%26settings%3DeyJpZCI6NjU3LCJ1cmwiOiJodHRwczpcL1wvd3d3Lnd1ZXJ6YnVsZS5jb21cL3dwLWNvbnRlbnRcL3VwbG9hZHNcLzIwMjNcLzA2XC9JTUdfODc2MC5qcGVnIiwic2xpZGVzaG93IjoiY2NkODEyZSJ9\" href='https:\/\/www.wuerzbule.com\/wp-content\/uploads\/2023\/06\/IMG_8760.jpeg'><img decoding=\"async\" width=\"150\" height=\"150\" src=\"https:\/\/www.wuerzbule.com\/wp-content\/uploads\/2023\/06\/IMG_8760-150x150.jpeg\" class=\"attachment-thumbnail size-thumbnail\" alt=\"\" srcset=\"https:\/\/www.wuerzbule.com\/wp-content\/uploads\/2023\/06\/IMG_8760-150x150.jpeg 150w, https:\/\/www.wuerzbule.com\/wp-content\/uploads\/2023\/06\/IMG_8760-600x600.jpeg 600w, https:\/\/www.wuerzbule.com\/wp-content\/uploads\/2023\/06\/IMG_8760-300x300.jpeg 300w, https:\/\/www.wuerzbule.com\/wp-content\/uploads\/2023\/06\/IMG_8760-100x100.jpeg 100w\" sizes=\"(max-width: 150px) 100vw, 150px\" \/><\/a>\n\t\t\t<\/div><\/figure><figure class='gallery-item'>\n\t\t\t<div class='gallery-icon portrait'>\n\t\t\t\t<a data-elementor-open-lightbox=\"yes\" data-elementor-lightbox-slideshow=\"ccd812e\" data-elementor-lightbox-title=\"IMG_8761\" data-e-action-hash=\"#elementor-action%3Aaction%3Dlightbox%26settings%3DeyJpZCI6NjU4LCJ1cmwiOiJodHRwczpcL1wvd3d3Lnd1ZXJ6YnVsZS5jb21cL3dwLWNvbnRlbnRcL3VwbG9hZHNcLzIwMjNcLzA2XC9JTUdfODc2MS5qcGVnIiwic2xpZGVzaG93IjoiY2NkODEyZSJ9\" href='https:\/\/www.wuerzbule.com\/wp-content\/uploads\/2023\/06\/IMG_8761.jpeg'><img decoding=\"async\" width=\"150\" height=\"150\" src=\"https:\/\/www.wuerzbule.com\/wp-content\/uploads\/2023\/06\/IMG_8761-150x150.jpeg\" class=\"attachment-thumbnail size-thumbnail\" alt=\"\" srcset=\"https:\/\/www.wuerzbule.com\/wp-content\/uploads\/2023\/06\/IMG_8761-150x150.jpeg 150w, https:\/\/www.wuerzbule.com\/wp-content\/uploads\/2023\/06\/IMG_8761-600x600.jpeg 600w, https:\/\/www.wuerzbule.com\/wp-content\/uploads\/2023\/06\/IMG_8761-300x300.jpeg 300w, https:\/\/www.wuerzbule.com\/wp-content\/uploads\/2023\/06\/IMG_8761-100x100.jpeg 100w\" sizes=\"(max-width: 150px) 100vw, 150px\" \/><\/a>\n\t\t\t<\/div><\/figure><figure class='gallery-item'>\n\t\t\t<div class='gallery-icon portrait'>\n\t\t\t\t<a data-elementor-open-lightbox=\"yes\" data-elementor-lightbox-slideshow=\"ccd812e\" data-elementor-lightbox-title=\"IMG_8762\" data-e-action-hash=\"#elementor-action%3Aaction%3Dlightbox%26settings%3DeyJpZCI6NjU5LCJ1cmwiOiJodHRwczpcL1wvd3d3Lnd1ZXJ6YnVsZS5jb21cL3dwLWNvbnRlbnRcL3VwbG9hZHNcLzIwMjNcLzA2XC9JTUdfODc2Mi5qcGVnIiwic2xpZGVzaG93IjoiY2NkODEyZSJ9\" href='https:\/\/www.wuerzbule.com\/wp-content\/uploads\/2023\/06\/IMG_8762.jpeg'><img decoding=\"async\" width=\"150\" height=\"150\" src=\"https:\/\/www.wuerzbule.com\/wp-content\/uploads\/2023\/06\/IMG_8762-150x150.jpeg\" class=\"attachment-thumbnail size-thumbnail\" alt=\"\" srcset=\"https:\/\/www.wuerzbule.com\/wp-content\/uploads\/2023\/06\/IMG_8762-150x150.jpeg 150w, https:\/\/www.wuerzbule.com\/wp-content\/uploads\/2023\/06\/IMG_8762-600x600.jpeg 600w, https:\/\/www.wuerzbule.com\/wp-content\/uploads\/2023\/06\/IMG_8762-300x300.jpeg 300w, https:\/\/www.wuerzbule.com\/wp-content\/uploads\/2023\/06\/IMG_8762-100x100.jpeg 100w\" sizes=\"(max-width: 150px) 100vw, 150px\" \/><\/a>\n\t\t\t<\/div><\/figure><figure class='gallery-item'>\n\t\t\t<div class='gallery-icon landscape'>\n\t\t\t\t<a data-elementor-open-lightbox=\"yes\" data-elementor-lightbox-slideshow=\"ccd812e\" data-elementor-lightbox-title=\"342934700_938392130813849_2483300127901063565_n\" data-e-action-hash=\"#elementor-action%3Aaction%3Dlightbox%26settings%3DeyJpZCI6NTE1LCJ1cmwiOiJodHRwczpcL1wvd3d3Lnd1ZXJ6YnVsZS5jb21cL3dwLWNvbnRlbnRcL3VwbG9hZHNcLzIwMjNcLzA0XC8zNDI5MzQ3MDBfOTM4MzkyMTMwODEzODQ5XzI0ODMzMDAxMjc5MDEwNjM1NjVfbi5qcGVnIiwic2xpZGVzaG93IjoiY2NkODEyZSJ9\" href='https:\/\/www.wuerzbule.com\/wp-content\/uploads\/2023\/04\/342934700_938392130813849_2483300127901063565_n.jpeg'><img loading=\"lazy\" decoding=\"async\" width=\"150\" height=\"150\" src=\"https:\/\/www.wuerzbule.com\/wp-content\/uploads\/2023\/04\/342934700_938392130813849_2483300127901063565_n-150x150.jpeg\" class=\"attachment-thumbnail size-thumbnail\" alt=\"\" srcset=\"https:\/\/www.wuerzbule.com\/wp-content\/uploads\/2023\/04\/342934700_938392130813849_2483300127901063565_n-150x150.jpeg 150w, https:\/\/www.wuerzbule.com\/wp-content\/uploads\/2023\/04\/342934700_938392130813849_2483300127901063565_n-300x300.jpeg 300w, https:\/\/www.wuerzbule.com\/wp-content\/uploads\/2023\/04\/342934700_938392130813849_2483300127901063565_n-100x100.jpeg 100w\" sizes=\"(max-width: 150px) 100vw, 150px\" \/><\/a>\n\t\t\t<\/div><\/figure>\n\t\t<\/div>\n\t\t<\/div>\n\t\t\t\t\t\t<\/div>\n\t\t\t\t<\/div>\n\t\t\t\t<div class=\"elementor-element elementor-element-5148fc2 elementor-widget elementor-widget-text-editor\" data-id=\"5148fc2\" data-element_type=\"widget\" data-widget_type=\"text-editor.default\">\n\t\t\t\t<div class=\"elementor-widget-container\">\n\t\t\t\t\t\t\t\t\t<p>Unser Obst und Gem\u00fcse wird immer von Hand geerntet und danach ganz frisch verkauft.<\/p>\t\t\t\t\t\t\t\t<\/div>\n\t\t\t\t<\/div>\n\t\t\t\t<div class=\"elementor-element elementor-element-fd43a5c elementor-widget elementor-widget-image-gallery\" data-id=\"fd43a5c\" data-element_type=\"widget\" data-widget_type=\"image-gallery.default\">\n\t\t\t\t<div class=\"elementor-widget-container\">\n\t\t\t\t\t\t\t<div class=\"elementor-image-gallery\">\n\t\t\t<div id='gallery-2' class='gallery galleryid-602 gallery-columns-4 gallery-size-thumbnail'><figure class='gallery-item'>\n\t\t\t<div class='gallery-icon portrait'>\n\t\t\t\t<a data-elementor-open-lightbox=\"yes\" data-elementor-lightbox-slideshow=\"fd43a5c\" data-elementor-lightbox-title=\"IMG_8249\" data-e-action-hash=\"#elementor-action%3Aaction%3Dlightbox%26settings%3DeyJpZCI6Njc5LCJ1cmwiOiJodHRwczpcL1wvd3d3Lnd1ZXJ6YnVsZS5jb21cL3dwLWNvbnRlbnRcL3VwbG9hZHNcLzIwMjNcLzA2XC9JTUdfODI0OS5qcGVnIiwic2xpZGVzaG93IjoiZmQ0M2E1YyJ9\" href='https:\/\/www.wuerzbule.com\/wp-content\/uploads\/2023\/06\/IMG_8249.jpeg'><img loading=\"lazy\" decoding=\"async\" width=\"150\" height=\"150\" src=\"https:\/\/www.wuerzbule.com\/wp-content\/uploads\/2023\/06\/IMG_8249-150x150.jpeg\" class=\"attachment-thumbnail size-thumbnail\" alt=\"\" srcset=\"https:\/\/www.wuerzbule.com\/wp-content\/uploads\/2023\/06\/IMG_8249-150x150.jpeg 150w, https:\/\/www.wuerzbule.com\/wp-content\/uploads\/2023\/06\/IMG_8249-600x600.jpeg 600w, https:\/\/www.wuerzbule.com\/wp-content\/uploads\/2023\/06\/IMG_8249-300x300.jpeg 300w, https:\/\/www.wuerzbule.com\/wp-content\/uploads\/2023\/06\/IMG_8249-100x100.jpeg 100w\" sizes=\"(max-width: 150px) 100vw, 150px\" \/><\/a>\n\t\t\t<\/div><\/figure><figure class='gallery-item'>\n\t\t\t<div class='gallery-icon portrait'>\n\t\t\t\t<a data-elementor-open-lightbox=\"yes\" data-elementor-lightbox-slideshow=\"fd43a5c\" data-elementor-lightbox-title=\"IMG_8250\" data-e-action-hash=\"#elementor-action%3Aaction%3Dlightbox%26settings%3DeyJpZCI6NjgwLCJ1cmwiOiJodHRwczpcL1wvd3d3Lnd1ZXJ6YnVsZS5jb21cL3dwLWNvbnRlbnRcL3VwbG9hZHNcLzIwMjNcLzA2XC9JTUdfODI1MC5qcGVnIiwic2xpZGVzaG93IjoiZmQ0M2E1YyJ9\" href='https:\/\/www.wuerzbule.com\/wp-content\/uploads\/2023\/06\/IMG_8250.jpeg'><img loading=\"lazy\" decoding=\"async\" width=\"150\" height=\"150\" src=\"https:\/\/www.wuerzbule.com\/wp-content\/uploads\/2023\/06\/IMG_8250-150x150.jpeg\" class=\"attachment-thumbnail size-thumbnail\" alt=\"\" srcset=\"https:\/\/www.wuerzbule.com\/wp-content\/uploads\/2023\/06\/IMG_8250-150x150.jpeg 150w, https:\/\/www.wuerzbule.com\/wp-content\/uploads\/2023\/06\/IMG_8250-600x600.jpeg 600w, https:\/\/www.wuerzbule.com\/wp-content\/uploads\/2023\/06\/IMG_8250-300x300.jpeg 300w, https:\/\/www.wuerzbule.com\/wp-content\/uploads\/2023\/06\/IMG_8250-100x100.jpeg 100w\" sizes=\"(max-width: 150px) 100vw, 150px\" \/><\/a>\n\t\t\t<\/div><\/figure><figure class='gallery-item'>\n\t\t\t<div class='gallery-icon landscape'>\n\t\t\t\t<a data-elementor-open-lightbox=\"yes\" data-elementor-lightbox-slideshow=\"fd43a5c\" data-elementor-lightbox-title=\"6370DB22-7B0C-4F47-BB4F-86B1DC52AB42\" data-e-action-hash=\"#elementor-action%3Aaction%3Dlightbox%26settings%3DeyJpZCI6NjgxLCJ1cmwiOiJodHRwczpcL1wvd3d3Lnd1ZXJ6YnVsZS5jb21cL3dwLWNvbnRlbnRcL3VwbG9hZHNcLzIwMjNcLzA2XC82MzcwREIyMi03QjBDLTRGNDctQkI0Ri04NkIxREM1MkFCNDIuanBlZyIsInNsaWRlc2hvdyI6ImZkNDNhNWMifQ%3D%3D\" href='https:\/\/www.wuerzbule.com\/wp-content\/uploads\/2023\/06\/6370DB22-7B0C-4F47-BB4F-86B1DC52AB42.jpeg'><img loading=\"lazy\" decoding=\"async\" width=\"150\" height=\"150\" src=\"https:\/\/www.wuerzbule.com\/wp-content\/uploads\/2023\/06\/6370DB22-7B0C-4F47-BB4F-86B1DC52AB42-150x150.jpeg\" class=\"attachment-thumbnail size-thumbnail\" alt=\"\" srcset=\"https:\/\/www.wuerzbule.com\/wp-content\/uploads\/2023\/06\/6370DB22-7B0C-4F47-BB4F-86B1DC52AB42-150x150.jpeg 150w, https:\/\/www.wuerzbule.com\/wp-content\/uploads\/2023\/06\/6370DB22-7B0C-4F47-BB4F-86B1DC52AB42-600x600.jpeg 600w, https:\/\/www.wuerzbule.com\/wp-content\/uploads\/2023\/06\/6370DB22-7B0C-4F47-BB4F-86B1DC52AB42-300x300.jpeg 300w, https:\/\/www.wuerzbule.com\/wp-content\/uploads\/2023\/06\/6370DB22-7B0C-4F47-BB4F-86B1DC52AB42-100x100.jpeg 100w\" sizes=\"(max-width: 150px) 100vw, 150px\" \/><\/a>\n\t\t\t<\/div><\/figure>\n\t\t<\/div>\n\t\t<\/div>\n\t\t\t\t\t\t<\/div>\n\t\t\t\t<\/div>\n\t\t\t\t\t<\/div>\n\t\t\t\t<\/div>\n\t\t\t\t<\/div>\n\t\t","protected":false},"excerpt":{"rendered":"<p>Landwirtschaft ohne D\u00fcnger und Plastik Unser Obst und Gem\u00fcse w\u00e4chst in der Pr\u00e4fektur Wakayama auf 4 verschiede [&hellip;]<\/p>\n","protected":false},"author":1,"featured_media":0,"parent":0,"menu_order":0,"comment_status":"closed","ping_status":"closed","template":"","meta":{"_background_id":0,"_xo_background":[],"ocean_post_layout":"full-screen","ocean_both_sidebars_style":"","ocean_both_sidebars_content_width":0,"ocean_both_sidebars_sidebars_width":0,"ocean_sidebar":"0","ocean_second_sidebar":"0","ocean_disable_margins":"enable","ocean_add_body_class":"","ocean_shortcode_before_top_bar":"","ocean_shortcode_after_top_bar":"","ocean_shortcode_before_header":"","ocean_shortcode_after_header":"","ocean_has_shortcode":"","ocean_shortcode_after_title":"","ocean_shortcode_before_footer_widgets":"","ocean_shortcode_after_footer_widgets":"","ocean_shortcode_before_footer_bottom":"","ocean_shortcode_after_footer_bottom":"","ocean_display_top_bar":"default","ocean_display_header":"default","ocean_header_style":"","ocean_center_header_left_menu":"0","ocean_custom_header_template":"0","ocean_custom_logo":0,"ocean_custom_retina_logo":0,"ocean_custom_logo_max_width":0,"ocean_custom_logo_tablet_max_width":0,"ocean_custom_logo_mobile_max_width":0,"ocean_custom_logo_max_height":0,"ocean_custom_logo_tablet_max_height":0,"ocean_custom_logo_mobile_max_height":0,"ocean_header_custom_menu":"0","ocean_menu_typo_font_family":"0","ocean_menu_typo_font_subset":"","ocean_menu_typo_font_size":0,"ocean_menu_typo_font_size_tablet":0,"ocean_menu_typo_font_size_mobile":0,"ocean_menu_typo_font_size_unit":"px","ocean_menu_typo_font_weight":"","ocean_menu_typo_font_weight_tablet":"","ocean_menu_typo_font_weight_mobile":"","ocean_menu_typo_transform":"","ocean_menu_typo_transform_tablet":"","ocean_menu_typo_transform_mobile":"","ocean_menu_typo_line_height":0,"ocean_menu_typo_line_height_tablet":0,"ocean_menu_typo_line_height_mobile":0,"ocean_menu_typo_line_height_unit":"","ocean_menu_typo_spacing":0,"ocean_menu_typo_spacing_tablet":0,"ocean_menu_typo_spacing_mobile":0,"ocean_menu_typo_spacing_unit":"","ocean_menu_link_color":"","ocean_menu_link_color_hover":"","ocean_menu_link_color_active":"","ocean_menu_link_background":"","ocean_menu_link_hover_background":"","ocean_menu_link_active_background":"","ocean_menu_social_links_bg":"","ocean_menu_social_hover_links_bg":"","ocean_menu_social_links_color":"","ocean_menu_social_hover_links_color":"","ocean_disable_title":"on","ocean_disable_heading":"default","ocean_post_title":"","ocean_post_subheading":"","ocean_post_title_style":"","ocean_post_title_background_color":"","ocean_post_title_background":0,"ocean_post_title_bg_image_position":"","ocean_post_title_bg_image_attachment":"","ocean_post_title_bg_image_repeat":"","ocean_post_title_bg_image_size":"","ocean_post_title_height":0,"ocean_post_title_bg_overlay":0.5,"ocean_post_title_bg_overlay_color":"","ocean_disable_breadcrumbs":"default","ocean_breadcrumbs_color":"","ocean_breadcrumbs_separator_color":"","ocean_breadcrumbs_links_color":"","ocean_breadcrumbs_links_hover_color":"","ocean_display_footer_widgets":"off","ocean_display_footer_bottom":"off","ocean_custom_footer_template":"0","footnotes":""},"class_list":["post-602","page","type-page","status-publish","hentry","entry"],"jetpack_sharing_enabled":true,"_links":{"self":[{"href":"https:\/\/www.wuerzbule.com\/index.php?rest_route=\/wp\/v2\/pages\/602","targetHints":{"allow":["GET"]}}],"collection":[{"href":"https:\/\/www.wuerzbule.com\/index.php?rest_route=\/wp\/v2\/pages"}],"about":[{"href":"https:\/\/www.wuerzbule.com\/index.php?rest_route=\/wp\/v2\/types\/page"}],"author":[{"embeddable":true,"href":"https:\/\/www.wuerzbule.com\/index.php?rest_route=\/wp\/v2\/users\/1"}],"replies":[{"embeddable":true,"href":"https:\/\/www.wuerzbule.com\/index.php?rest_route=%2Fwp%2Fv2%2Fcomments&post=602"}],"version-history":[{"count":30,"href":"https:\/\/www.wuerzbule.com\/index.php?rest_route=\/wp\/v2\/pages\/602\/revisions"}],"predecessor-version":[{"id":684,"href":"https:\/\/www.wuerzbule.com\/index.php?rest_route=\/wp\/v2\/pages\/602\/revisions\/684"}],"wp:attachment":[{"href":"https:\/\/www.wuerzbule.com\/index.php?rest_route=%2Fwp%2Fv2%2Fmedia&parent=602"}],"curies":[{"name":"wp","href":"https:\/\/api.w.org\/{rel}","templated":true}]}}